{"id":505,"date":"2025-08-31T15:39:48","date_gmt":"2025-08-31T15:39:48","guid":{"rendered":"https:\/\/laltrodesign.com\/?page_id=505"},"modified":"2026-04-16T07:16:11","modified_gmt":"2026-04-16T07:16:11","slug":"news","status":"publish","type":"page","link":"https:\/\/laltrodesign.com\/fr\/news\/","title":{"rendered":"Actualit\u00e9s"},"content":{"rendered":"<div data-elementor-type=\"wp-page\" data-elementor-id=\"505\" class=\"elementor elementor-505\" data-elementor-post-type=\"page\">\n\t\t\t\t<div class=\"elementor-element elementor-element-5f58313 e-flex e-con-boxed e-con e-parent\" data-id=\"5f58313\" data-element_type=\"container\" data-settings=\"{&quot;background_background&quot;:&quot;classic&quot;}\">\n\t\t\t\t\t<div class=\"e-con-inner\">\n\t\t\t\t<div class=\"elementor-element elementor-element-7882408 elementor-widget elementor-widget-heading\" data-id=\"7882408\" data-element_type=\"widget\" data-widget_type=\"heading.default\">\n\t\t\t\t<div class=\"elementor-widget-container\">\n\t\t\t\t\t<h2 class=\"elementor-heading-title elementor-size-default\">Actualit\u00e9s<\/h2>\t\t\t\t<\/div>\n\t\t\t\t<\/div>\n\t\t\t\t\t<\/div>\n\t\t\t\t<\/div>\n\t\t<div class=\"elementor-element elementor-element-aa72d79 e-grid e-con-boxed e-con e-parent\" data-id=\"aa72d79\" data-element_type=\"container\" data-settings=\"{&quot;background_background&quot;:&quot;classic&quot;}\">\n\t\t\t\t\t<div class=\"e-con-inner\">\n\t\t\t\t<div class=\"elementor-element elementor-element-a891149 elementor-widget elementor-widget-image\" data-id=\"a891149\" data-element_type=\"widget\" data-widget_type=\"image.default\">\n\t\t\t\t<div class=\"elementor-widget-container\">\n\t\t\t\t\t\t\t\t\t\t\t\t<figure class=\"wp-caption\">\n\t\t\t\t\t\t\t\t\t\t<img fetchpriority=\"high\" decoding=\"async\" width=\"800\" height=\"592\" src=\"https:\/\/laltrodesign.com\/wp-content\/uploads\/2026\/04\/Plan-du-salon-du-meuble-Milan-2026-1024x758.jpg\" class=\"attachment-large size-large wp-image-1110\" alt=\"\" srcset=\"https:\/\/laltrodesign.com\/wp-content\/uploads\/2026\/04\/Plan-du-salon-du-meuble-Milan-2026-1024x758.jpg 1024w, https:\/\/laltrodesign.com\/wp-content\/uploads\/2026\/04\/Plan-du-salon-du-meuble-Milan-2026-300x222.jpg 300w, https:\/\/laltrodesign.com\/wp-content\/uploads\/2026\/04\/Plan-du-salon-du-meuble-Milan-2026-768x569.jpg 768w, https:\/\/laltrodesign.com\/wp-content\/uploads\/2026\/04\/Plan-du-salon-du-meuble-Milan-2026-16x12.jpg 16w, https:\/\/laltrodesign.com\/wp-content\/uploads\/2026\/04\/Plan-du-salon-du-meuble-Milan-2026.jpg 1128w\" sizes=\"(max-width: 800px) 100vw, 800px\" \/>\t\t\t\t\t\t\t\t\t\t\t<figcaption class=\"widget-image-caption wp-caption-text\"><\/figcaption>\n\t\t\t\t\t\t\t\t\t\t<\/figure>\n\t\t\t\t\t\t\t\t\t<\/div>\n\t\t\t\t<\/div>\n\t\t\t\t<div class=\"elementor-element elementor-element-390c1c9 elementor-widget elementor-widget-heading\" data-id=\"390c1c9\" data-element_type=\"widget\" data-widget_type=\"heading.default\">\n\t\t\t\t<div class=\"elementor-widget-container\">\n\t\t\t\t\t<h4 class=\"elementor-heading-title elementor-size-default\">Salone del mobile milano 2026<br>Bienvenue!<\/h4>\t\t\t\t<\/div>\n\t\t\t\t<\/div>\n\t\t\t\t\t<\/div>\n\t\t\t\t<\/div>\n\t\t<div class=\"elementor-element elementor-element-7a5e8ca e-grid e-con-boxed e-con e-parent\" data-id=\"7a5e8ca\" data-element_type=\"container\" data-settings=\"{&quot;background_background&quot;:&quot;classic&quot;}\">\n\t\t\t\t\t<div class=\"e-con-inner\">\n\t\t\t\t<div class=\"elementor-element elementor-element-ef7ac2f elementor-widget elementor-widget-image\" data-id=\"ef7ac2f\" data-element_type=\"widget\" data-widget_type=\"image.default\">\n\t\t\t\t<div class=\"elementor-widget-container\">\n\t\t\t\t\t\t\t\t\t\t\t\t<figure class=\"wp-caption\">\n\t\t\t\t\t\t\t\t\t\t<img decoding=\"async\" width=\"800\" height=\"951\" src=\"https:\/\/laltrodesign.com\/wp-content\/uploads\/2026\/03\/Silvera-Unopiu-JoelDupuch-piccolo-861x1024.jpg\" class=\"attachment-large size-large wp-image-1109\" alt=\"\" srcset=\"https:\/\/laltrodesign.com\/wp-content\/uploads\/2026\/03\/Silvera-Unopiu-JoelDupuch-piccolo-861x1024.jpg 861w, https:\/\/laltrodesign.com\/wp-content\/uploads\/2026\/03\/Silvera-Unopiu-JoelDupuch-piccolo-252x300.jpg 252w, https:\/\/laltrodesign.com\/wp-content\/uploads\/2026\/03\/Silvera-Unopiu-JoelDupuch-piccolo-768x913.jpg 768w, https:\/\/laltrodesign.com\/wp-content\/uploads\/2026\/03\/Silvera-Unopiu-JoelDupuch-piccolo-1292x1536.jpg 1292w, https:\/\/laltrodesign.com\/wp-content\/uploads\/2026\/03\/Silvera-Unopiu-JoelDupuch-piccolo-1722x2048.jpg 1722w, https:\/\/laltrodesign.com\/wp-content\/uploads\/2026\/03\/Silvera-Unopiu-JoelDupuch-piccolo-10x12.jpg 10w, https:\/\/laltrodesign.com\/wp-content\/uploads\/2026\/03\/Silvera-Unopiu-JoelDupuch-piccolo.jpg 1770w\" sizes=\"(max-width: 800px) 100vw, 800px\" \/>\t\t\t\t\t\t\t\t\t\t\t<figcaption class=\"widget-image-caption wp-caption-text\"><\/figcaption>\n\t\t\t\t\t\t\t\t\t\t<\/figure>\n\t\t\t\t\t\t\t\t\t<\/div>\n\t\t\t\t<\/div>\n\t\t\t\t\t<\/div>\n\t\t\t\t<\/div>\n\t\t<div class=\"elementor-element elementor-element-a3ba797 e-flex e-con-boxed e-con e-parent\" data-id=\"a3ba797\" data-element_type=\"container\" data-settings=\"{&quot;background_background&quot;:&quot;classic&quot;}\">\n\t\t\t\t\t<div class=\"e-con-inner\">\n\t\t\t\t<div class=\"elementor-element elementor-element-5e88bfc elementor-grid-3 elementor-grid-tablet-2 elementor-grid-mobile-1 elementor-posts--thumbnail-top elementor-widget elementor-widget-posts\" data-id=\"5e88bfc\" data-element_type=\"widget\" data-settings=\"{&quot;classic_columns&quot;:&quot;3&quot;,&quot;classic_columns_tablet&quot;:&quot;2&quot;,&quot;classic_columns_mobile&quot;:&quot;1&quot;,&quot;classic_row_gap&quot;:{&quot;unit&quot;:&quot;px&quot;,&quot;size&quot;:35,&quot;sizes&quot;:[]},&quot;classic_row_gap_tablet&quot;:{&quot;unit&quot;:&quot;px&quot;,&quot;size&quot;:&quot;&quot;,&quot;sizes&quot;:[]},&quot;classic_row_gap_mobile&quot;:{&quot;unit&quot;:&quot;px&quot;,&quot;size&quot;:&quot;&quot;,&quot;sizes&quot;:[]}}\" data-widget_type=\"posts.classic\">\n\t\t\t\t<div class=\"elementor-widget-container\">\n\t\t\t\t\t\t\t<div class=\"elementor-posts-container elementor-posts elementor-posts--skin-classic elementor-grid\">\n\t\t\t\t<article class=\"elementor-post elementor-grid-item post-693 post type-post status-publish format-standard has-post-thumbnail hentry category-uncategorized\">\n\t\t\t\t<a class=\"elementor-post__thumbnail__link\" href=\"https:\/\/laltrodesign.com\/fr\/unopiu-protagonista-a-les-voiles-de-saint-tropez-2025\/\" tabindex=\"-1\" >\n\t\t\t<div class=\"elementor-post__thumbnail\"><img decoding=\"async\" width=\"1069\" height=\"1687\" src=\"https:\/\/laltrodesign.com\/wp-content\/uploads\/2025\/09\/Locandina.png\" class=\"attachment-full size-full wp-image-715\" alt=\"Locandina Les Voiles de Saint-Tropez\" srcset=\"https:\/\/laltrodesign.com\/wp-content\/uploads\/2025\/09\/Locandina.png 1069w, https:\/\/laltrodesign.com\/wp-content\/uploads\/2025\/09\/Locandina-190x300.png 190w, https:\/\/laltrodesign.com\/wp-content\/uploads\/2025\/09\/Locandina-649x1024.png 649w, https:\/\/laltrodesign.com\/wp-content\/uploads\/2025\/09\/Locandina-768x1212.png 768w, https:\/\/laltrodesign.com\/wp-content\/uploads\/2025\/09\/Locandina-973x1536.png 973w, https:\/\/laltrodesign.com\/wp-content\/uploads\/2025\/09\/Locandina-8x12.png 8w\" sizes=\"(max-width: 1069px) 100vw, 1069px\" \/><\/div>\n\t\t<\/a>\n\t\t\t\t<div class=\"elementor-post__text\">\n\t\t\t\t<h3 class=\"elementor-post__title\">\n\t\t\t<a href=\"https:\/\/laltrodesign.com\/fr\/unopiu-protagonista-a-les-voiles-de-saint-tropez-2025\/\" >\n\t\t\t\tUnopi\u00f9 protagoniste aux Voiles de Saint-Tropez 2025\t\t\t<\/a>\n\t\t<\/h3>\n\t\t\t\t<div class=\"elementor-post__meta-data\">\n\t\t\t\t\t<span class=\"elementor-post-date\">\n\t\t\tseptembre 30, 2025\t\t<\/span>\n\t\t\t\t<\/div>\n\t\t\t\t<div class=\"elementor-post__excerpt\">\n\t\t\t<p>Unopi\u00f9 protagonista a Les Voiles de Saint-Tropez 2025 L\u2019AD \u00e8 lieto di annunciare che, in occasione dell\u2019esclusivo appuntamento mondano e sportivo Les Voiles de Saint-Tropez 2025, grazie all\u2019organizzazione e al lavoro sul campo di Ekle Home, Unopi\u00f9 sar\u00e0 presente negli allestimenti della Soci\u00e9t\u00e9 Nautique de Saint-Tropez<\/p>\n\t\t<\/div>\n\t\t\n\t\t<a class=\"elementor-post__read-more\" href=\"https:\/\/laltrodesign.com\/fr\/unopiu-protagonista-a-les-voiles-de-saint-tropez-2025\/\" aria-label=\"En savoir plus sur Unopi\u00f9 protagonista a Les Voiles de Saint-Tropez 2025\" tabindex=\"-1\" >\n\t\t\tLire plus  \u00bb\t\t<\/a>\n\n\t\t\t\t<\/div>\n\t\t\t\t<\/article>\n\t\t\t\t<article class=\"elementor-post elementor-grid-item post-676 post type-post status-publish format-standard has-post-thumbnail hentry category-uncategorized\">\n\t\t\t\t<a class=\"elementor-post__thumbnail__link\" href=\"https:\/\/laltrodesign.com\/fr\/monaceo-yachting-show\/\" tabindex=\"-1\" >\n\t\t\t<div class=\"elementor-post__thumbnail\"><img loading=\"lazy\" decoding=\"async\" width=\"1380\" height=\"810\" src=\"https:\/\/laltrodesign.com\/wp-content\/uploads\/2025\/09\/Monaco-Yacht-Show-1-1380x810-1.jpg\" class=\"attachment-full size-full wp-image-679\" alt=\"Costa di Monaco con Yachts di sera\" srcset=\"https:\/\/laltrodesign.com\/wp-content\/uploads\/2025\/09\/Monaco-Yacht-Show-1-1380x810-1.jpg 1380w, https:\/\/laltrodesign.com\/wp-content\/uploads\/2025\/09\/Monaco-Yacht-Show-1-1380x810-1-300x176.jpg 300w, https:\/\/laltrodesign.com\/wp-content\/uploads\/2025\/09\/Monaco-Yacht-Show-1-1380x810-1-1024x601.jpg 1024w, https:\/\/laltrodesign.com\/wp-content\/uploads\/2025\/09\/Monaco-Yacht-Show-1-1380x810-1-768x451.jpg 768w, https:\/\/laltrodesign.com\/wp-content\/uploads\/2025\/09\/Monaco-Yacht-Show-1-1380x810-1-18x12.jpg 18w\" sizes=\"(max-width: 1380px) 100vw, 1380px\" \/><\/div>\n\t\t<\/a>\n\t\t\t\t<div class=\"elementor-post__text\">\n\t\t\t\t<h3 class=\"elementor-post__title\">\n\t\t\t<a href=\"https:\/\/laltrodesign.com\/fr\/monaceo-yachting-show\/\" >\n\t\t\t\tMonaco Yachting Show 2025\t\t\t<\/a>\n\t\t<\/h3>\n\t\t\t\t<div class=\"elementor-post__meta-data\">\n\t\t\t\t\t<span class=\"elementor-post-date\">\n\t\t\tseptembre 19, 2025\t\t<\/span>\n\t\t\t\t<\/div>\n\t\t\t\t<div class=\"elementor-post__excerpt\">\n\t\t\t<p>L\u2019Altro Design et Nodoitalia au Monaco Yachting Show 2025\nDu 24 au 27 septembre, L\u2019Altro Design sera pr\u00e9sent au Monaco Yachting Show aux c\u00f4t\u00e9s de Nodoitalia, pour pr\u00e9senter le meilleur du design outdoor italien.\nLa collection Nodoitalia au c\u0153ur du Yachting Show\nLa collection Nodoitalia sera mise \u00e0 l\u2019honneur dans les stands exclusifs du<\/p>\n\t\t<\/div>\n\t\t\n\t\t<a class=\"elementor-post__read-more\" href=\"https:\/\/laltrodesign.com\/fr\/monaceo-yachting-show\/\" aria-label=\"En savoir plus sur Monaco Yachting Show 2025\" tabindex=\"-1\" >\n\t\t\tLire plus  \u00bb\t\t<\/a>\n\n\t\t\t\t<\/div>\n\t\t\t\t<\/article>\n\t\t\t\t<article class=\"elementor-post elementor-grid-item post-496 post type-post status-publish format-standard has-post-thumbnail hentry category-uncategorized\">\n\t\t\t\t<a class=\"elementor-post__thumbnail__link\" href=\"https:\/\/laltrodesign.com\/fr\/cannes-yachting-festival\/\" tabindex=\"-1\" >\n\t\t\t<div class=\"elementor-post__thumbnail\"><img loading=\"lazy\" decoding=\"async\" width=\"2000\" height=\"1333\" src=\"https:\/\/laltrodesign.com\/wp-content\/uploads\/2025\/08\/Yact-cannes-laltro-design.webp\" class=\"attachment-full size-full wp-image-497\" alt=\"Yacht ripresi dall&#039;alto di sera al porto di Cannes\" srcset=\"https:\/\/laltrodesign.com\/wp-content\/uploads\/2025\/08\/Yact-cannes-laltro-design.webp 2000w, https:\/\/laltrodesign.com\/wp-content\/uploads\/2025\/08\/Yact-cannes-laltro-design-300x200.webp 300w, https:\/\/laltrodesign.com\/wp-content\/uploads\/2025\/08\/Yact-cannes-laltro-design-1024x682.webp 1024w, https:\/\/laltrodesign.com\/wp-content\/uploads\/2025\/08\/Yact-cannes-laltro-design-768x512.webp 768w, https:\/\/laltrodesign.com\/wp-content\/uploads\/2025\/08\/Yact-cannes-laltro-design-1536x1024.webp 1536w\" sizes=\"(max-width: 2000px) 100vw, 2000px\" \/><\/div>\n\t\t<\/a>\n\t\t\t\t<div class=\"elementor-post__text\">\n\t\t\t\t<h3 class=\"elementor-post__title\">\n\t\t\t<a href=\"https:\/\/laltrodesign.com\/fr\/cannes-yachting-festival\/\" >\n\t\t\t\tL\u2019Altro Design et Nodoitalia au Cannes Yachting Festival 2025\t\t\t<\/a>\n\t\t<\/h3>\n\t\t\t\t<div class=\"elementor-post__meta-data\">\n\t\t\t\t\t<span class=\"elementor-post-date\">\n\t\t\tao\u00fbt 31, 2025\t\t<\/span>\n\t\t\t\t<\/div>\n\t\t\t\t<div class=\"elementor-post__excerpt\">\n\t\t\t<p>L\u2019Altro Design et Nodoitalia au Cannes Yachting Festival 2025\nUne pr\u00e9sence d\u2019exception sur la Croisette.\nDu 9 au 14 septembre, L\u2019Altro Design sera pr\u00e9sent au Cannes Yachting Festival aux c\u00f4t\u00e9s de Nodoitalia, pour pr\u00e9senter le meilleur du design outdoor italien.\nLa collection Nodoitalia au c\u0153ur du festival\nLa collection Nodoitalia sera \u00e0 l\u2019honneur.<\/p>\n\t\t<\/div>\n\t\t\n\t\t<a class=\"elementor-post__read-more\" href=\"https:\/\/laltrodesign.com\/fr\/cannes-yachting-festival\/\" aria-label=\"En savoir plus sur L\u2019Altro Design et Nodoitalia au Cannes Yachting Festival 2025\" tabindex=\"-1\" >\n\t\t\tLire plus  \u00bb\t\t<\/a>\n\n\t\t\t\t<\/div>\n\t\t\t\t<\/article>\n\t\t\t\t<\/div>\n\t\t\n\t\t\t\t\t\t<\/div>\n\t\t\t\t<\/div>\n\t\t\t\t<div class=\"elementor-element elementor-element-fe72eb6 elementor-widget elementor-widget-text-editor\" data-id=\"fe72eb6\" data-element_type=\"widget\" data-widget_type=\"text-editor.default\">\n\t\t\t\t<div class=\"elementor-widget-container\">\n\t\t\t\t\t\t\t\t\t<p>Lorem ipsum dolor sit amet, consectetur adipiscing elit. Ut elit tellus, luctus nec ullamcorper mattis, pulvinar dapibus leo.<\/p>\t\t\t\t\t\t\t\t<\/div>\n\t\t\t\t<\/div>\n\t\t\t\t\t<\/div>\n\t\t\t\t<\/div>\n\t\t\t\t<\/div>","protected":false},"excerpt":{"rendered":"<p>News Salone del mobile milano 2026Bienvenue! Lorem ipsum dolor sit amet, consectetur adipiscing elit. Ut elit tellus, luctus nec ullamcorper mattis, pulvinar dapibus leo.<\/p>","protected":false},"author":1,"featured_media":0,"parent":0,"menu_order":0,"comment_status":"closed","ping_status":"closed","template":"elementor_header_footer","meta":{"footnotes":""},"class_list":["post-505","page","type-page","status-publish","hentry"],"yoast_head":"<!-- This site is optimized with the Yoast SEO plugin v25.5 - https:\/\/yoast.com\/wordpress\/plugins\/seo\/ -->\n<title>News - L&#039;altro design<\/title>\n<meta name=\"description\" content=\"Scopri tutte le novit\u00e0 riguardanti L&#039;Altro Desgin e tutti i suoi marchi. Ma anche eventi, curiosit\u00e0 e tanto altro\" \/>\n<meta name=\"robots\" content=\"index, follow, max-snippet:-1, max-image-preview:large, max-video-preview:-1\" \/>\n<link rel=\"canonical\" href=\"https:\/\/laltrodesign.com\/fr\/news\/\" \/>\n<meta property=\"og:locale\" content=\"fr_FR\" \/>\n<meta property=\"og:type\" content=\"article\" \/>\n<meta property=\"og:title\" content=\"News - L&#039;altro design\" \/>\n<meta property=\"og:description\" content=\"Scopri tutte le novit\u00e0 riguardanti L&#039;Altro Desgin e tutti i suoi marchi. Ma anche eventi, curiosit\u00e0 e tanto altro\" \/>\n<meta property=\"og:url\" content=\"https:\/\/laltrodesign.com\/fr\/news\/\" \/>\n<meta property=\"og:site_name\" content=\"L&#039;altro design\" \/>\n<meta property=\"article:modified_time\" content=\"2026-04-16T07:16:11+00:00\" \/>\n<meta property=\"og:image\" content=\"https:\/\/laltrodesign.com\/wp-content\/uploads\/2026\/04\/Plan-du-salon-du-meuble-Milan-2026.jpg\" \/>\n\t<meta property=\"og:image:width\" content=\"1128\" \/>\n\t<meta property=\"og:image:height\" content=\"835\" \/>\n\t<meta property=\"og:image:type\" content=\"image\/jpeg\" \/>\n<meta name=\"twitter:card\" content=\"summary_large_image\" \/>\n<meta name=\"twitter:label1\" content=\"Dur\u00e9e de lecture estim\u00e9e\" \/>\n\t<meta name=\"twitter:data1\" content=\"3 minutes\" \/>\n<script type=\"application\/ld+json\" class=\"yoast-schema-graph\">{\"@context\":\"https:\/\/schema.org\",\"@graph\":[{\"@type\":\"WebPage\",\"@id\":\"https:\/\/laltrodesign.com\/news\/\",\"url\":\"https:\/\/laltrodesign.com\/news\/\",\"name\":\"News - L&#039;altro design\",\"isPartOf\":{\"@id\":\"https:\/\/laltrodesign.com\/fr\/#website\"},\"primaryImageOfPage\":{\"@id\":\"https:\/\/laltrodesign.com\/news\/#primaryimage\"},\"image\":{\"@id\":\"https:\/\/laltrodesign.com\/news\/#primaryimage\"},\"thumbnailUrl\":\"https:\/\/laltrodesign.com\/wp-content\/uploads\/2026\/04\/Plan-du-salon-du-meuble-Milan-2026-1024x758.jpg\",\"datePublished\":\"2025-08-31T15:39:48+00:00\",\"dateModified\":\"2026-04-16T07:16:11+00:00\",\"description\":\"Scopri tutte le novit\u00e0 riguardanti L'Altro Desgin e tutti i suoi marchi. Ma anche eventi, curiosit\u00e0 e tanto altro\",\"breadcrumb\":{\"@id\":\"https:\/\/laltrodesign.com\/news\/#breadcrumb\"},\"inLanguage\":\"fr-FR\",\"potentialAction\":[{\"@type\":\"ReadAction\",\"target\":[\"https:\/\/laltrodesign.com\/news\/\"]}]},{\"@type\":\"ImageObject\",\"inLanguage\":\"fr-FR\",\"@id\":\"https:\/\/laltrodesign.com\/news\/#primaryimage\",\"url\":\"https:\/\/laltrodesign.com\/wp-content\/uploads\/2026\/04\/Plan-du-salon-du-meuble-Milan-2026-1024x758.jpg\",\"contentUrl\":\"https:\/\/laltrodesign.com\/wp-content\/uploads\/2026\/04\/Plan-du-salon-du-meuble-Milan-2026-1024x758.jpg\"},{\"@type\":\"BreadcrumbList\",\"@id\":\"https:\/\/laltrodesign.com\/news\/#breadcrumb\",\"itemListElement\":[{\"@type\":\"ListItem\",\"position\":1,\"name\":\"Home\",\"item\":\"https:\/\/laltrodesign.com\/\"},{\"@type\":\"ListItem\",\"position\":2,\"name\":\"News\"}]},{\"@type\":\"WebSite\",\"@id\":\"https:\/\/laltrodesign.com\/fr\/#website\",\"url\":\"https:\/\/laltrodesign.com\/fr\/\",\"name\":\"L&#039;altro design\",\"description\":\"\",\"potentialAction\":[{\"@type\":\"SearchAction\",\"target\":{\"@type\":\"EntryPoint\",\"urlTemplate\":\"https:\/\/laltrodesign.com\/fr\/?s={search_term_string}\"},\"query-input\":{\"@type\":\"PropertyValueSpecification\",\"valueRequired\":true,\"valueName\":\"search_term_string\"}}],\"inLanguage\":\"fr-FR\"}]}<\/script>\n<!-- \/ Yoast SEO plugin. -->","yoast_head_json":{"title":"News - L&#039;altro design","description":"Scopri tutte le novit\u00e0 riguardanti L'Altro Desgin e tutti i suoi marchi. Ma anche eventi, curiosit\u00e0 e tanto altro","robots":{"index":"index","follow":"follow","max-snippet":"max-snippet:-1","max-image-preview":"max-image-preview:large","max-video-preview":"max-video-preview:-1"},"canonical":"https:\/\/laltrodesign.com\/fr\/news\/","og_locale":"fr_FR","og_type":"article","og_title":"News - L&#039;altro design","og_description":"Scopri tutte le novit\u00e0 riguardanti L'Altro Desgin e tutti i suoi marchi. Ma anche eventi, curiosit\u00e0 e tanto altro","og_url":"https:\/\/laltrodesign.com\/fr\/news\/","og_site_name":"L&#039;altro design","article_modified_time":"2026-04-16T07:16:11+00:00","og_image":[{"width":1128,"height":835,"url":"https:\/\/laltrodesign.com\/wp-content\/uploads\/2026\/04\/Plan-du-salon-du-meuble-Milan-2026.jpg","type":"image\/jpeg"}],"twitter_card":"summary_large_image","twitter_misc":{"Dur\u00e9e de lecture estim\u00e9e":"3 minutes"},"schema":{"@context":"https:\/\/schema.org","@graph":[{"@type":"WebPage","@id":"https:\/\/laltrodesign.com\/news\/","url":"https:\/\/laltrodesign.com\/news\/","name":"News - L&#039;altro design","isPartOf":{"@id":"https:\/\/laltrodesign.com\/fr\/#website"},"primaryImageOfPage":{"@id":"https:\/\/laltrodesign.com\/news\/#primaryimage"},"image":{"@id":"https:\/\/laltrodesign.com\/news\/#primaryimage"},"thumbnailUrl":"https:\/\/laltrodesign.com\/wp-content\/uploads\/2026\/04\/Plan-du-salon-du-meuble-Milan-2026-1024x758.jpg","datePublished":"2025-08-31T15:39:48+00:00","dateModified":"2026-04-16T07:16:11+00:00","description":"Scopri tutte le novit\u00e0 riguardanti L'Altro Desgin e tutti i suoi marchi. Ma anche eventi, curiosit\u00e0 e tanto altro","breadcrumb":{"@id":"https:\/\/laltrodesign.com\/news\/#breadcrumb"},"inLanguage":"fr-FR","potentialAction":[{"@type":"ReadAction","target":["https:\/\/laltrodesign.com\/news\/"]}]},{"@type":"ImageObject","inLanguage":"fr-FR","@id":"https:\/\/laltrodesign.com\/news\/#primaryimage","url":"https:\/\/laltrodesign.com\/wp-content\/uploads\/2026\/04\/Plan-du-salon-du-meuble-Milan-2026-1024x758.jpg","contentUrl":"https:\/\/laltrodesign.com\/wp-content\/uploads\/2026\/04\/Plan-du-salon-du-meuble-Milan-2026-1024x758.jpg"},{"@type":"BreadcrumbList","@id":"https:\/\/laltrodesign.com\/news\/#breadcrumb","itemListElement":[{"@type":"ListItem","position":1,"name":"Home","item":"https:\/\/laltrodesign.com\/"},{"@type":"ListItem","position":2,"name":"News"}]},{"@type":"WebSite","@id":"https:\/\/laltrodesign.com\/fr\/#website","url":"https:\/\/laltrodesign.com\/fr\/","name":"L&#039;altro design","description":"","potentialAction":[{"@type":"SearchAction","target":{"@type":"EntryPoint","urlTemplate":"https:\/\/laltrodesign.com\/fr\/?s={search_term_string}"},"query-input":{"@type":"PropertyValueSpecification","valueRequired":true,"valueName":"search_term_string"}}],"inLanguage":"fr-FR"}]}},"_links":{"self":[{"href":"https:\/\/laltrodesign.com\/fr\/wp-json\/wp\/v2\/pages\/505","targetHints":{"allow":["GET"]}}],"collection":[{"href":"https:\/\/laltrodesign.com\/fr\/wp-json\/wp\/v2\/pages"}],"about":[{"href":"https:\/\/laltrodesign.com\/fr\/wp-json\/wp\/v2\/types\/page"}],"author":[{"embeddable":true,"href":"https:\/\/laltrodesign.com\/fr\/wp-json\/wp\/v2\/users\/1"}],"replies":[{"embeddable":true,"href":"https:\/\/laltrodesign.com\/fr\/wp-json\/wp\/v2\/comments?post=505"}],"version-history":[{"count":25,"href":"https:\/\/laltrodesign.com\/fr\/wp-json\/wp\/v2\/pages\/505\/revisions"}],"predecessor-version":[{"id":1126,"href":"https:\/\/laltrodesign.com\/fr\/wp-json\/wp\/v2\/pages\/505\/revisions\/1126"}],"wp:attachment":[{"href":"https:\/\/laltrodesign.com\/fr\/wp-json\/wp\/v2\/media?parent=505"}],"curies":[{"name":"wp","href":"https:\/\/api.w.org\/{rel}","templated":true}]}}